{"id":1382,"date":"2024-05-29T14:51:08","date_gmt":"2024-05-29T14:51:08","guid":{"rendered":"https:\/\/solapayments.ca\/?page_id=1382"},"modified":"2024-09-17T04:18:20","modified_gmt":"2024-09-17T08:18:20","slug":"terms-and-conditions","status":"publish","type":"page","link":"https:\/\/solapayments.ca\/fr\/terms-and-conditions\/","title":{"rendered":"Conditions g\u00e9n\u00e9rales d'utilisation"},"content":{"rendered":"<div data-elementor-type=\"wp-page\" data-elementor-id=\"1382\" class=\"elementor elementor-1382\" data-elementor-post-type=\"page\">\n\t\t\t\t<div class=\"elementor-element elementor-element-8b4b9b8 e-flex e-con-boxed e-con e-parent\" data-id=\"8b4b9b8\" data-element_type=\"container\" data-e-type=\"container\">\n\t\t\t\t\t<div class=\"e-con-inner\">\n\t\t<div class=\"elementor-element elementor-element-4f3a1d5 e-flex e-con-boxed e-con e-child\" data-id=\"4f3a1d5\" data-element_type=\"container\" data-e-type=\"container\">\n\t\t\t\t\t<div class=\"e-con-inner\">\n\t\t\t\t<div class=\"elementor-element elementor-element-200f07c basic-block elementor-widget elementor-widget-text-editor\" data-id=\"200f07c\" data-element_type=\"widget\" data-e-type=\"widget\" data-widget_type=\"text-editor.default\">\n\t\t\t\t<div class=\"elementor-widget-container\">\n\t\t\t\t\t\t\t\t\t<p><\/p>\n<h1 class=\"wp-block-heading\">Conditions g\u00e9n\u00e9rales d'utilisation<\/h1>\n<h2>Site Internet de Sola<\/h2>\n<h3>Conditions d'utilisation :<\/h3>\n<p>Sola met \u00e0 disposition son site web, <a href=\"https:\/\/solapayments.ca\/fr\/\" aria-label=\"Lien vers la page d&#039;accueil\">\u00a0sola.com <\/a>\u00a0(le \"site web\"), et ses services connexes, sous r\u00e9serve des avis, termes et conditions suivants (\"conditions d'utilisation\"). Veuillez lire attentivement ces conditions d'utilisation avant d'utiliser le site web. En continuant \u00e0 acc\u00e9der \u00e0 ce site et\/ou \u00e0 l'utiliser, vous acceptez ces conditions d'utilisation. Si, \u00e0 tout moment, vous ne souhaitez pas accepter ces conditions d'utilisation, vous pouvez choisir de ne pas utiliser le site web. Toute condition suppl\u00e9mentaire que vous proposez et qui s'ajoute ou entre en conflit avec les pr\u00e9sentes conditions d'utilisation est express\u00e9ment rejet\u00e9e par Sola et ne sera d'aucune force ni d'aucun effet.<\/p>\n<p>Lorsque vous utilisez le site web, vous \u00eates soumis \u00e0 toutes les lignes directrices ou r\u00e8gles affich\u00e9es, qui peuvent \u00eatre affich\u00e9es de temps \u00e0 autre. Ce site web n'est pas destin\u00e9 \u00e0 \u00eatre utilis\u00e9 par des personnes de moins de treize ans. Il est express\u00e9ment interdit aux personnes \u00e2g\u00e9es de moins de treize ans de publier des informations personnelles identifiables les concernant.<\/p>\n<p>Les donn\u00e9es et les informations relatives aux titres ou autres sont fournies \u00e0 titre d'information uniquement et ne sont pas destin\u00e9es \u00e0 \u00eatre n\u00e9goci\u00e9es.<\/p>\n<p>Tous les droits qui ne sont pas express\u00e9ment accord\u00e9s dans le pr\u00e9sent document sont r\u00e9serv\u00e9s.<br><br><\/p>\n<h2>DROITS DE PROPRI\u00c9T\u00c9 DE SOLA ET UTILISATION AUTORIS\u00c9E<\/h2>\n<p>Le site web, y compris, mais sans s'y limiter, tout contenu, logiciel et service offert sur ce site, est la propri\u00e9t\u00e9 de Sola et\/ou de ses partenaires. Il est prot\u00e9g\u00e9 par le droit d'auteur et\/ou d'autres lois sur la propri\u00e9t\u00e9 intellectuelle des \u00c9tats-Unis et du monde entier. Par la pr\u00e9sente, vous \u00eates uniquement autoris\u00e9 \u00e0 visualiser et \u00e0 conserver une copie des pages de ce site web pour votre usage personnel. Vous n'\u00eates pas autoris\u00e9 \u00e0 dupliquer, publier, modifier ou distribuer de quelque mani\u00e8re que ce soit le contenu de ce site web, sauf autorisation \u00e9crite sp\u00e9cifique de Sola. Des mentions l\u00e9gales et divers autres remerciements et cr\u00e9dits sont affich\u00e9s sur les pages du site web. Ne supprimez pas ces mentions l\u00e9gales ou autres reconnaissances ou cr\u00e9dits, ni aucune information connexe contenue dans les pages du site web.<\/p>\n<p>Sola peut, \u00e0 sa seule discr\u00e9tion et sans pr\u00e9avis, refuser \u00e0 toute personne ou soci\u00e9t\u00e9 l'acc\u00e8s \u00e0 ce site web ou \u00e0 toute partie de celui-ci. Comme condition de votre utilisation de ce site web, vous n'utiliserez pas le site web \u00e0 des fins ill\u00e9gales ou interdites par les pr\u00e9sentes conditions d'utilisation. Vous ne pouvez pas utiliser ce site web d'une mani\u00e8re susceptible d'endommager, de d\u00e9sactiver, de surcharger ou d'alt\u00e9rer tout serveur de Sola ou d'interf\u00e9rer avec l'utilisation et la jouissance par toute autre partie du site web et des services qui y sont offerts. Vous ne pouvez pas tenter d'obtenir un acc\u00e8s non autoris\u00e9 aux comptes, informations, syst\u00e8mes informatiques ou r\u00e9seaux d'autrui connect\u00e9s au serveur de Sola ou \u00e0 l'un des services ou produits offerts via le site web, par le biais du piratage, de l'extraction de mots de passe ou de tout autre moyen. Vous ne pouvez pas obtenir ou tenter d'obtenir du mat\u00e9riel ou des informations par des moyens qui ne sont pas intentionnellement mis \u00e0 disposition par le site web.<\/p>\n<p>Ce site Web, toute partie de ce site Web et tout logiciel, produit ou service obtenu ici ne peuvent \u00eatre d\u00e9compil\u00e9s, d\u00e9sassembl\u00e9s, d\u00e9soss\u00e9s, t\u00e9l\u00e9charg\u00e9s, reproduits, modifi\u00e9s, distribu\u00e9s, transmis, dupliqu\u00e9s, copi\u00e9s, vendus, revendus, affich\u00e9s, ex\u00e9cut\u00e9s, publi\u00e9s, licenci\u00e9s, utilis\u00e9s pour cr\u00e9er des \u0153uvres d\u00e9riv\u00e9es, transf\u00e9r\u00e9s ou exploit\u00e9s de toute autre mani\u00e8re \u00e0 des fins commerciales qui ne sont pas express\u00e9ment accord\u00e9es par Sola. Sola se r\u00e9serve le droit de refuser le service, de r\u00e9silier le(s) compte(s) et\/ou d'annuler les commandes \u00e0 sa discr\u00e9tion, y compris, sans limitation, si Sola estime que la conduite viole la loi applicable, est pr\u00e9judiciable aux int\u00e9r\u00eats de Sola et de ses affili\u00e9s ou pour toute autre raison. Sola se r\u00e9serve en outre le droit de poursuivre toute action l\u00e9gale disponible contre tout utilisateur dont l'utilisation viole la loi nationale, f\u00e9d\u00e9rale ou locale ou les pr\u00e9sentes conditions d'utilisation.<\/p>\n<p>La disponibilit\u00e9 de ce site web ou d'informations ou de services particuliers est susceptible d'\u00eatre modifi\u00e9e sans pr\u00e9avis.<br><br><\/p>\n<h2>LES CONTRIBUTIONS DES UTILISATEURS AU SITE WEB<\/h2>\n<p>Sola offre aux utilisateurs la possibilit\u00e9 de contribuer au site web par le biais de ses blogs. Vous comprenez que toutes les informations, donn\u00e9es, textes, liens, articles, logiciels, photographies, graphiques, messages ou autres mat\u00e9riels affich\u00e9s par vous sur le site web (collectivement, le \"Contenu utilisateur\"), qu'ils soient affich\u00e9s publiquement ou transmis en priv\u00e9, rel\u00e8vent de la seule responsabilit\u00e9 de vous ou des autres utilisateurs qui affichent ou transmettent ce Contenu utilisateur. Cela signifie que vous, et non Sola, \u00eates enti\u00e8rement responsable de tout le Contenu utilisateur que vous t\u00e9l\u00e9chargez, affichez, envoyez par courrier \u00e9lectronique ou transmettez de toute autre mani\u00e8re via le site web. Il vous incombe de veiller \u00e0 ce qu'aucun droit d'auteur, marque, secret commercial, droit \u00e0 la publicit\u00e9 ou \u00e0 la vie priv\u00e9e, ou autre droit de propri\u00e9t\u00e9 intellectuelle ne soit viol\u00e9 par la publication ou la transmission de tout contenu utilisateur via le site web.<br><br><\/p>\n<h2>SUSPENSION ET\/OU CESSATION DES DROITS<\/h2>\n<p>Sola se r\u00e9serve le droit, \u00e0 sa seule discr\u00e9tion, imm\u00e9diatement et sans pr\u00e9avis, de suspendre ou de r\u00e9silier les Conditions d'utilisation, votre inscription \u00e0 tout programme, votre capacit\u00e9 \u00e0 acc\u00e9der au site Web, et\/ou de supprimer tout Contenu utilisateur, pour quelque raison que ce soit, y compris, sans s'y limiter, toute violation par vous des Conditions d'utilisation ou toute conduite par vous que Sola juge inappropri\u00e9e. Vous acceptez que Sola ne soit pas responsable envers vous ou tout tiers pour toute suspension ou r\u00e9siliation en vertu de cette disposition.<br><br><\/p>\n<h2>MOT DE PASSE ET S\u00c9CURIT\u00c9<\/h2>\n<p>Vous recevrez un mot de passe et une d\u00e9signation de compte \u00e0 l'issue de la proc\u00e9dure d'enregistrement sur le site web. Vous \u00eates responsable du maintien de la confidentialit\u00e9 du mot de passe et du compte et vous \u00eates enti\u00e8rement responsable de toutes les activit\u00e9s qui se produisent avec votre mot de passe ou votre compte. Vous acceptez de (a) notifier imm\u00e9diatement \u00e0 Sola toute utilisation non autoris\u00e9e de votre mot de passe ou de votre compte ou toute autre violation de la s\u00e9curit\u00e9, et (b) de vous assurer que vous quittez votre compte \u00e0 la fin de chaque session. Sola ne peut pas \u00eatre et ne sera pas responsable de toute perte ou de tout dommage r\u00e9sultant de votre non-respect de la pr\u00e9sente section.<br><br><\/p>\n<h2>LIENS VERS DES SITES WEB DE TIERS<\/h2>\n<p>Sola peut contenir des liens vers d'autres sites web (\"sites web li\u00e9s\"). L'\u00e9tablissement d'un lien vers ces sites web li\u00e9s vous fera quitter le site web. Sauf indication contraire, Sola n'est affili\u00e9 \u00e0 aucun des sites web li\u00e9s. Les sites web li\u00e9s ne sont pas sous le contr\u00f4le de Sola et Sola n'est pas responsable du contenu de tout site web li\u00e9, y compris, sans limitation, tout lien contenu dans un site web li\u00e9, ou toute modification ou mise \u00e0 jour d'un site web li\u00e9. Sola n'approuve ni ne fait aucune d\u00e9claration concernant tout site web li\u00e9, toute information, tout logiciel ou tout autre produit ou mat\u00e9riel trouv\u00e9 sur un site web li\u00e9, ou tout r\u00e9sultat pouvant \u00eatre obtenu par l'utilisation de ces liens. Sola fournit ces liens pour des raisons de commodit\u00e9 uniquement, et l'inclusion de tout lien n'implique pas l'approbation de Sola. Si vous d\u00e9cidez d'acc\u00e9der \u00e0 l'un des sites web de tiers li\u00e9s \u00e0 ce site web, vous le faites enti\u00e8rement \u00e0 vos propres risques.<br><br><\/p>\n<h2>LIEN VERS SOLA<\/h2>\n<p>L'\u00e9tablissement d'un lien vers Sola \u00e0 partir d'un autre site web (\"site web de liaison\") n'est autoris\u00e9 que dans les conditions suivantes. Un site web de liaison peut \u00e9tablir un lien avec le contenu de Sola, mais pas le reproduire. Un site Web de liaison ne doit pas cr\u00e9er un cadre, un navigateur ou un environnement frontalier pour le contenu de Sola et un site Web de liaison ne doit pas laisser entendre que Sola l'approuve ou approuve ses produits. Le site Web de liaison ne doit pas pr\u00e9senter de mani\u00e8re erron\u00e9e la relation du site Web de liaison avec Sola, ne doit pas fournir de fausses informations sur les produits ou services de Sola, et ne doit pas utiliser ill\u00e9galement les droits d'auteur ou les marques commerciales appartenant \u00e0 Sola ou \u00e0 d'autres. Les sites Web de liaison doivent respecter toutes les lois applicables.<br><br><\/p>\n<h2>LIMITATION DE LA RESPONSABILIT\u00c9<\/h2>\n<p>Ce site web et toutes les informations, le contenu, les services, les biens, les publicit\u00e9s, les documents et les graphiques connexes qui y figurent sont fournis \u201cen l'\u00e9tat\u201d sans garantie d'aucune sorte. Les documents et les graphiques connexes publi\u00e9s sur ce site web peuvent contenir des inexactitudes techniques ou des erreurs typographiques. Sola ne fait aucune d\u00e9claration et ne donne aucune garantie, expresse ou implicite, quant au fonctionnement du site web ou aux informations, au mat\u00e9riel de contenu ou aux produits inclus sur ce site web. Dans toute la mesure permise par la loi applicable, Sola et ses affili\u00e9s, dirigeants, administrateurs et employ\u00e9s rejettent par la pr\u00e9sente toutes les garanties et conditions relatives \u00e0 ces informations, y compris toutes les garanties et conditions de qualit\u00e9 marchande, qu'elles soient expresses, implicites ou statutaires, d'ad\u00e9quation \u00e0 un usage particulier, de titre et d'absence de contrefa\u00e7on. Sola ne garantit pas que le site web est compatible avec votre \u00e9quipement ou que les services qui y sont li\u00e9s sont exempts d'erreurs, de virus, de vers, de chevaux de Troie ou de tout autre fichier nuisible, invasif ou corrompu, et n'est pas responsable des dommages que vous pourriez subir en raison de ces caract\u00e9ristiques destructrices. En aucun cas, Sola et\/ou ses affili\u00e9s, dirigeants, administrateurs ou employ\u00e9s ne seront responsables des dommages sp\u00e9ciaux, indirects ou cons\u00e9cutifs ou de tout autre dommage r\u00e9sultant d'une perte d'utilisation, de donn\u00e9es ou de b\u00e9n\u00e9fices, que ce soit dans le cadre d'une action contractuelle, d'une n\u00e9gligence ou d'une autre action d\u00e9lictueuse, d\u00e9coulant de, ou en rapport avec l'utilisation ou la performance de ce site web ou du logiciel, des documents, de la fourniture ou de l'absence de fourniture de services, ou des informations disponibles aupr\u00e8s de Sola par l'interm\u00e9diaire de ce site web.<br><br><\/p>\n<h2>MODIFICATIONS ET MISES \u00c0 JOUR<\/h2>\n<p>Des modifications sont p\u00e9riodiquement apport\u00e9es aux informations contenues dans le pr\u00e9sent document. Sola peut modifier les services ou les produits disponibles sur ce site web \u00e0 tout moment et \u00e0 sa seule discr\u00e9tion. La version la plus r\u00e9cente de ces conditions peut \u00eatre consult\u00e9e en cliquant sur le lien \"Conditions d'utilisation\" situ\u00e9 au bas des pages de notre site web. Ces avis, termes et conditions sont susceptibles d'\u00eatre modifi\u00e9s \u00e0 la seule et enti\u00e8re discr\u00e9tion de Sola. Toutes les mises \u00e0 jour, am\u00e9liorations, nouvelles fonctionnalit\u00e9s et ou l'ajout de propri\u00e9t\u00e9s web suppl\u00e9mentaires (sous la forme de pages web ou de sites web suppl\u00e9mentaires) sont imm\u00e9diatement soumis \u00e0 ces termes et conditions. En continuant \u00e0 utiliser le site web de Sola, vous acceptez en permanence l'ensemble de ces avis, termes et conditions tels que modifi\u00e9s.<br><br><\/p>\n<h2>AVIS DE DROIT D'AUTEUR<\/h2>\n<p>Copyright \u00a9 2024, Sola. Tous droits r\u00e9serv\u00e9s.<br><br><\/p>\n<h2>DROIT D'AUTEUR<\/h2>\n<p>Tout le contenu et toutes les caract\u00e9ristiques autrement prot\u00e9geables de ce site web, y compris, mais sans s'y limiter, la conception, les arrangements, la mise en page, le logiciel, le texte, les graphiques et les images ont \u00e9t\u00e9 cr\u00e9\u00e9s par Sola ou sous sa direction, sont la propri\u00e9t\u00e9 de Sola et sont prot\u00e9g\u00e9s par les lois am\u00e9ricaines et internationales sur les droits d'auteur. AUCUNE PARTIE DE CE SITE WEB NE PEUT \u00caTRE COPI\u00c9E, IMIT\u00c9E OU RETRANSMISE SANS L'AUTORISATION EXPRESSE ET \u00c9CRITE DE SOLA. La compilation, la collecte, l'arrangement et l'assemblage de tout le contenu de ce site web est la propri\u00e9t\u00e9 exclusive de Sola et est prot\u00e9g\u00e9e par les lois am\u00e9ricaines et internationales sur les droits d'auteur. Tous les logiciels utilis\u00e9s sur ce site web sont la propri\u00e9t\u00e9 de Sola ou de ses fournisseurs de logiciels et sont prot\u00e9g\u00e9s par les lois am\u00e9ricaines et internationales sur les droits d'auteur. Les images utilis\u00e9es sur ce site web sont la propri\u00e9t\u00e9 de leurs d\u00e9tenteurs de droits d'auteur respectifs et sont utilis\u00e9es par Sola conform\u00e9ment \u00e0 l'autorisation expresse des d\u00e9tenteurs de droits d'auteur ou de leurs agents. Toute utilisation du contenu de ce site Web sous forme de reproduction, modification, distribution, transmission, republication ou affichage du contenu, des images et des logiciels de ce site Web est strictement interdite.<br><br><\/p>\n<h2>POLITIQUE EN MATI\u00c8RE DE VIOLATION DES DROITS D'AUTEUR<\/h2>\n<p>Sola, conform\u00e9ment \u00e0 la section 512 du 17 U.S.C., telle qu'amend\u00e9e par le titre II du Digital Millennium Copyright Act (la \"Loi\"), se r\u00e9serve le droit, mais non l'obligation, de r\u00e9silier votre licence d'utilisation de ce site Web si elle d\u00e9termine, \u00e0 sa seule et enti\u00e8re discr\u00e9tion, que vous \u00eates impliqu\u00e9 dans une activit\u00e9 de contrefa\u00e7on, y compris des actes pr\u00e9sum\u00e9s de contrefa\u00e7on initiale ou r\u00e9p\u00e9t\u00e9e, ind\u00e9pendamment du fait que le mat\u00e9riel ou l'activit\u00e9 soit finalement consid\u00e9r\u00e9 comme une contrefa\u00e7on. Sola s'adapte et n'interf\u00e8re pas avec les mesures techniques standard utilis\u00e9es par les d\u00e9tenteurs de droits d'auteur pour prot\u00e9ger leur mat\u00e9riel. En outre, conform\u00e9ment \u00e0 la section 512(c) du 17 U.S.C., Sola a mis en \u0153uvre des proc\u00e9dures pour recevoir des notifications \u00e9crites de violations pr\u00e9sum\u00e9es et pour traiter ces r\u00e9clamations conform\u00e9ment \u00e0 la loi. Toutes les r\u00e9clamations pour infraction doivent \u00eatre soumises \u00e0 Sola sous la forme d'une plainte \u00e9crite qui respecte les exigences ci-dessous et qui est remise \u00e0 notre agent d\u00e9sign\u00e9 pour recevoir la notification de l'infraction all\u00e9gu\u00e9e.<\/p>\n<p>En outre, toute notification \u00e9crite concernant une activit\u00e9 diffamatoire ou une infraction, qu'il s'agisse d'un droit d'auteur, d'un brevet, d'une marque ou d'autres droits de propri\u00e9t\u00e9, doit contenir les informations suivantes :<\/p>\n<ul role=\"navigation\">\n<li>Signature physique ou \u00e9lectronique d'une personne autoris\u00e9e \u00e0 agir au nom (1) du titulaire d'un droit exclusif pr\u00e9tendument enfreint ou (2) de la personne diffam\u00e9e.<\/li>\n<li>Identification de l'\u0153uvre prot\u00e9g\u00e9e par des droits d'auteur qui aurait \u00e9t\u00e9 viol\u00e9e ou, si plusieurs \u0153uvres prot\u00e9g\u00e9es par des droits d'auteur sur un seul site web en ligne sont couvertes par une seule notification, une liste repr\u00e9sentative de ces \u0153uvres sur ce site web. De m\u00eame, pour les documents qui sont diffamatoires ou qui enfreignent le brevet, la marque ou d'autres droits de propri\u00e9t\u00e9 d'un tiers, veuillez soumettre une liste de ces documents.<\/li>\n<li>L'identification du mat\u00e9riel qui est consid\u00e9r\u00e9 comme une infraction, qui fait l'objet d'une activit\u00e9 d'infraction ou qui est consid\u00e9r\u00e9 comme diffamatoire et qui doit \u00eatre retir\u00e9 ou dont l'acc\u00e8s doit \u00eatre d\u00e9sactiv\u00e9, ainsi que des informations raisonnablement suffisantes pour nous permettre de localiser le mat\u00e9riel.<\/li>\n<li>Des informations raisonnablement suffisantes pour permettre \u00e0 Sola de vous contacter, telles que votre adresse, votre num\u00e9ro de t\u00e9l\u00e9phone et\/ou votre adresse \u00e9lectronique.<\/li>\n<li>Une d\u00e9claration selon laquelle vous pensez de bonne foi que l'utilisation du mat\u00e9riel de la mani\u00e8re incrimin\u00e9e n'est pas autoris\u00e9e par le d\u00e9tenteur des droits d'auteur ou d'autres droits de propri\u00e9t\u00e9, par son agent ou par la loi.<\/li>\n<li>Une d\u00e9claration selon laquelle les informations contenues dans la notification sont exactes et, sous peine de parjure, que vous \u00eates autoris\u00e9 \u00e0 agir au nom du titulaire d'un droit exclusif pr\u00e9tendument enfreint ou au nom de la personne diffam\u00e9e.<br><br><\/li>\n<\/ul>\n<h2>MARQUES D\u00c9POS\u00c9ES<\/h2>\n<p>\"Sola\" ainsi que tous les logos, autres noms commerciaux, marques de commerce, marques de service, qu'ils soient enregistr\u00e9s ou non, pr\u00e9sent\u00e9s sur ce site Web sont la propri\u00e9t\u00e9 exclusive de Sola. Les marques commerciales de Sola ne peuvent \u00eatre utilis\u00e9es en relation avec un produit ou un service qui n'appartient pas \u00e0 Sola d'une mani\u00e8re susceptible de cr\u00e9er une confusion parmi les clients, ou d'une mani\u00e8re qui d\u00e9nigre ou discr\u00e9dite Sola. Toutes les marques commerciales n'appartenant pas \u00e0 Sola qui apparaissent sur ce site Web sont la propri\u00e9t\u00e9 de leurs propri\u00e9taires respectifs et ne peuvent \u00eatre utilis\u00e9es en relation avec un produit ou un service qui n'appartient pas aux propri\u00e9taires de la marque d'une mani\u00e8re susceptible de cr\u00e9er une confusion parmi les clients, ou d'une mani\u00e8re qui d\u00e9nigre ou discr\u00e9dite les propri\u00e9taires de la marque. Toutes les marques commerciales susmentionn\u00e9es ne peuvent \u00eatre copi\u00e9es, t\u00e9l\u00e9charg\u00e9es ou exploit\u00e9es d'une autre mani\u00e8re sans l'autorisation de Sola ou du propri\u00e9taire de la marque commerciale, de la marque de service ou du nom commercial, sauf autorisation explicite du propri\u00e9taire de la marque.<br><br><\/p>\n<h2>S\u00c9V\u00c9RABILIT\u00c9<\/h2>\n<p>Si l'une des dispositions des pr\u00e9sents termes, conditions et avis est jug\u00e9e invalide ou inapplicable, cette disposition sera appliqu\u00e9e dans toute la mesure du possible, et les autres dispositions resteront pleinement en vigueur.<br><br><\/p>\n<h2>DROIT APPLICABLE<\/h2>\n<p>Ce site web est cr\u00e9\u00e9 et contr\u00f4l\u00e9 par Sola dans l'\u00c9tat de New York, aux \u00c9tats-Unis. En tant que tel, les lois de l'\u00c9tat de New York r\u00e9giront ces avis, termes et conditions, sans donner effet \u00e0 aucun principe de conflit de lois.<\/p>\n<p>Derni\u00e8re mise \u00e0 jour : F\u00e9vrier 2024<\/p>\n<p><\/p>\t\t\t\t\t\t\t\t<\/div>\n\t\t\t\t<\/div>\n\t\t\t\t\t<\/div>\n\t\t\t\t<\/div>\n\t\t\t\t\t<\/div>\n\t\t\t\t<\/div>\n\t\t\t\t<\/div>","protected":false},"excerpt":{"rendered":"<p>Terms and Conditions Sola Internet Site Terms &amp; Conditions of use: Sola provides its Website, \u00a0sola.com \u00a0(the \u201cWebsite\u201d), and its related services to you subject to the following notices, terms, and conditions (\u201cTerms of Use\u201d). Please read these Terms of Use carefully before using the website. Your continuing access and\/or use of this website signifies [&hellip;]<\/p>\n","protected":false},"author":18,"featured_media":0,"parent":0,"menu_order":0,"comment_status":"closed","ping_status":"closed","template":"","meta":{"_acf_changed":false,"footnotes":""},"class_list":["post-1382","page","type-page","status-publish","hentry"],"acf":[],"_links":{"self":[{"href":"https:\/\/solapayments.ca\/fr\/wp-json\/wp\/v2\/pages\/1382","targetHints":{"allow":["GET"]}}],"collection":[{"href":"https:\/\/solapayments.ca\/fr\/wp-json\/wp\/v2\/pages"}],"about":[{"href":"https:\/\/solapayments.ca\/fr\/wp-json\/wp\/v2\/types\/page"}],"author":[{"embeddable":true,"href":"https:\/\/solapayments.ca\/fr\/wp-json\/wp\/v2\/users\/18"}],"replies":[{"embeddable":true,"href":"https:\/\/solapayments.ca\/fr\/wp-json\/wp\/v2\/comments?post=1382"}],"version-history":[{"count":0,"href":"https:\/\/solapayments.ca\/fr\/wp-json\/wp\/v2\/pages\/1382\/revisions"}],"wp:attachment":[{"href":"https:\/\/solapayments.ca\/fr\/wp-json\/wp\/v2\/media?parent=1382"}],"curies":[{"name":"wp","href":"https:\/\/api.w.org\/{rel}","templated":true}]}}