{"id":3,"date":"2024-03-15T07:36:13","date_gmt":"2024-03-15T07:36:13","guid":{"rendered":"https:\/\/solapayments.ca\/?page_id=3"},"modified":"2024-09-17T04:17:33","modified_gmt":"2024-09-17T08:17:33","slug":"privacy-policy","status":"publish","type":"page","link":"https:\/\/solapayments.ca\/fr\/privacy-policy\/","title":{"rendered":"Politique de confidentialit\u00e9"},"content":{"rendered":"<div data-elementor-type=\"wp-page\" data-elementor-id=\"3\" class=\"elementor elementor-3\" data-elementor-post-type=\"page\">\n\t\t\t\t<div class=\"elementor-element elementor-element-94eed8e e-flex e-con-boxed e-con e-parent\" data-id=\"94eed8e\" data-element_type=\"container\" data-e-type=\"container\">\n\t\t\t\t\t<div class=\"e-con-inner\">\n\t\t<div class=\"elementor-element elementor-element-12ea517 e-flex e-con-boxed e-con e-child\" data-id=\"12ea517\" data-element_type=\"container\" data-e-type=\"container\">\n\t\t\t\t\t<div class=\"e-con-inner\">\n\t\t\t\t<div class=\"elementor-element elementor-element-691967c basic-block elementor-widget elementor-widget-text-editor\" data-id=\"691967c\" data-element_type=\"widget\" data-e-type=\"widget\" data-widget_type=\"text-editor.default\">\n\t\t\t\t<div class=\"elementor-widget-container\">\n\t\t\t\t\t\t\t\t\t\n<h1 class=\"wp-block-heading\">Politique de confidentialit\u00e9<\/h1>\n\n<p>La pr\u00e9sente politique de confidentialit\u00e9 a \u00e9t\u00e9 \u00e9labor\u00e9e pour mieux servir ceux qui s'inqui\u00e8tent de la mani\u00e8re dont leurs \"informations personnelles identifiables\" (IPI) sont utilis\u00e9es en ligne. Les IPI, telles qu'elles sont d\u00e9crites dans la l\u00e9gislation am\u00e9ricaine sur la protection de la vie priv\u00e9e et la s\u00e9curit\u00e9 de l'information, sont des informations qui peuvent \u00eatre utilis\u00e9es seules ou avec d'autres informations pour identifier, contacter ou localiser une seule personne, ou pour identifier une personne dans son contexte. Veuillez lire attentivement notre politique de confidentialit\u00e9 pour bien comprendre comment nous collectons, utilisons, prot\u00e9geons ou traitons vos informations d'identification personnelle conform\u00e9ment \u00e0 notre site web.<\/p>\n<p>Chez Sola, nous accordons une grande importance \u00e0 la confidentialit\u00e9 de vos donn\u00e9es personnelles. C'est pourquoi nous nous conformons au r\u00e8glement g\u00e9n\u00e9ral sur la protection des donn\u00e9es (RGPD). Cette politique d\u00e9crit qui, pourquoi et quelles donn\u00e9es personnelles nous traitons, vos droits et vos coordonn\u00e9es pour les demandes li\u00e9es au RGPD.<\/p>\n<h2>Quelles informations personnelles recueillons-nous aupr\u00e8s des personnes qui visitent notre blog, notre site web ou notre application ?<\/h2>\n<p>Lors d'une commande ou d'un enregistrement sur notre site, selon le cas, il peut vous \u00eatre demand\u00e9 de saisir votre nom, votre adresse \u00e9lectronique, votre num\u00e9ro de t\u00e9l\u00e9phone ou d'autres d\u00e9tails pour vous aider dans votre exp\u00e9rience.<\/p>\n<h2>Quand recueillons-nous des informations ?<\/h2>\n<p>Nous recueillons des informations aupr\u00e8s de vous lorsque vous vous inscrivez \u00e0 un bulletin d'information, remplissez un formulaire ou saisissez des informations sur notre site.<\/p>\n<h2>Qui est int\u00e9ress\u00e9 par le traitement des donn\u00e9es \u00e0 caract\u00e8re personnel (responsable du traitement) ?<\/h2>\n<ul role=\"navigation\">\n<li>Sola<\/li>\n<\/ul>\n<h2>Comment utilisons-nous vos informations ?<\/h2>\n<p>Nous pouvons utiliser les informations que nous recueillons aupr\u00e8s de vous lorsque vous vous inscrivez, effectuez un achat, vous inscrivez \u00e0 notre bulletin d'information, r\u00e9pondez \u00e0 une enqu\u00eate ou \u00e0 une communication marketing, naviguez sur le site web ou utilisez certaines autres fonctions du site de la mani\u00e8re suivante :<\/p>\n<ul role=\"navigation\">\n<li>Pour envoyer des courriels p\u00e9riodiques concernant votre commande ou d'autres produits et services.<\/li>\n<li>Assurer un suivi apr\u00e8s une correspondance (clavardage en direct, courriel ou questions par t\u00e9l\u00e9phone)<\/li>\n<li>enregistrer et g\u00e9rer votre compte, notamment pour vous permettre d'acc\u00e9der \u00e0 nos services et de les utiliser<\/li>\n<li>utiliser vos informations \u00e0 des fins d'analyse et pour nous permettre d'am\u00e9liorer nos services<\/li>\n<li>vous fournir une exp\u00e9rience personnalis\u00e9e\/optimis\u00e9e en regroupant les utilisateurs sur la base, par exemple, de l'utilisation, des int\u00e9r\u00eats et des donn\u00e9es d\u00e9mographiques<\/li>\n<li>vous envoyer des enqu\u00eates, des invitations \u00e0 des \u00e9tudes de march\u00e9 ou des entretiens avec des panels \u00e0 des fins d'analyse<\/li>\n<li>vous informer des offres sp\u00e9ciales et des produits ou services disponibles aupr\u00e8s de nous, de nos affili\u00e9s ou de nos partenaires et susceptibles de vous int\u00e9resser<\/li>\n<li>Adapter votre exp\u00e9rience, notamment en faisant des d\u00e9ductions sur vos int\u00e9r\u00eats et pr\u00e9f\u00e9rences en fonction de votre activit\u00e9, et personnaliser les publicit\u00e9s qui vous sont pr\u00e9sent\u00e9es \u00e0 la fois sur notre site web et en dehors.<\/li>\n<li>communiquer avec vous ou faciliter la communication entre vous et nos partenaires et\/ou affili\u00e9s<\/li>\n<li>effectuer, contr\u00f4ler et enregistrer vos appels ou interactions avec nous ; par exemple, vos communications avec notre service client\u00e8le ou nos \u00e9quipes de vente, ou par l'utilisation de pixels et de technologies similaires pour contr\u00f4ler la fa\u00e7on dont vous interagissez avec nos courriels, par exemple si vous ouvrez ou cliquez sur le contenu de nos courriels<\/li>\n<li>H\u00e9bergez vos commentaires, vos messages sur les forums, vos photos, vos vid\u00e9os et d'autres contenus.<\/li>\n<li>R\u00e9pondre \u00e0 vos questions et commentaires<\/li>\n<\/ul>\n<h2>Comment prot\u00e9geons-nous vos informations ?<\/h2>\n<p>Nous n'utilisons pas d'analyse de vuln\u00e9rabilit\u00e9 et\/ou d'analyse selon les normes PCI.<\/p>\n<p>Nous ne fournissons que des articles et des informations. Nous ne demandons jamais de num\u00e9ro de carte de cr\u00e9dit.<\/p>\n<p>Nous proc\u00e9dons r\u00e9guli\u00e8rement \u00e0 des analyses de logiciels malveillants.<\/p>\n<p>Vos informations personnelles sont conserv\u00e9es dans des r\u00e9seaux s\u00e9curis\u00e9s et ne sont accessibles qu'\u00e0 un nombre limit\u00e9 de personnes disposant de droits d'acc\u00e8s sp\u00e9ciaux \u00e0 ces syst\u00e8mes et tenues de pr\u00e9server la confidentialit\u00e9 de ces informations. En outre, toutes les informations sensibles\/de cr\u00e9dit que vous fournissez sont crypt\u00e9es au moyen de la technologie Secure Socket Layer (SSL).<\/p>\n<p>Nous mettons en \u0153uvre une s\u00e9rie de mesures de s\u00e9curit\u00e9 lorsqu'un utilisateur saisit, soumet ou acc\u00e8de \u00e0 ses informations afin de pr\u00e9server la s\u00e9curit\u00e9 de vos donn\u00e9es personnelles.<\/p>\n<p>Toutes les transactions sont trait\u00e9es par l'interm\u00e9diaire d'un fournisseur de passerelle et ne sont pas stock\u00e9es ou trait\u00e9es sur nos serveurs.<\/p>\n<h2>Comment utilisons-nous vos informations \u00e0 des fins de recrutement et de s\u00e9lection (pour les postes vacants actuels et futurs) ?<\/h2>\n<p><strong>Vos donn\u00e9es<\/strong>\u00a0pourraient \u00eatre collect\u00e9es et trait\u00e9es :<\/p>\n<ul role=\"navigation\">\n<li>Coordonn\u00e9es (nom, pr\u00e9nom, num\u00e9ro de t\u00e9l\u00e9phone et adresse \u00e9lectronique)<\/li>\n<li>R\u00e9ponses au sondage<\/li>\n<li>Affichage des \u00e9valuations, des commentaires, des questions, des r\u00e9ponses et de l'engagement de la communaut\u00e9<\/li>\n<li>les informations relatives \u00e0 l'appareil, telles que le moment o\u00f9 vous avez acc\u00e9d\u00e9 \u00e0 nos services et les informations relatives \u00e0 l'appareil utilis\u00e9 (par exemple, l'adresse IP, le logiciel ou le navigateur Internet utilis\u00e9, les langues pr\u00e9f\u00e9r\u00e9es, les identifiants uniques de l'appareil et les identifiants publicitaires)<\/li>\n<li>Informations relatives aux processus de recrutement (par exemple, commentaires)<\/li>\n<li>Activit\u00e9 en ligne, y compris les pages que vous avez visit\u00e9es, le contenu consult\u00e9 et les applications consult\u00e9es<\/li>\n<li>Autres informations vous concernant que vous avez volontairement divulgu\u00e9es<\/li>\n<\/ul>\n<p><strong>Dur\u00e9e de conservation des donn\u00e9es personnelles :\u00a0<\/strong>La p\u00e9riode de conservation des donn\u00e9es est de quatre ans.<\/p>\n<p><strong>Avec qui nous partageons les donn\u00e9es :\u00a0<\/strong>Afin de fournir certains de nos services et activit\u00e9s de traitement, nous faisons appel \u00e0 des prestataires de services et pouvons \u00eatre amen\u00e9s \u00e0 partager des informations avec ces prestataires de services et certains autres tiers, y compris notre groupe de soci\u00e9t\u00e9s, dans les circonstances suivantes :<\/p>\n<p>Notre groupe de soci\u00e9t\u00e9s. Nous pouvons partager des informations avec certaines soci\u00e9t\u00e9s de notre groupe afin de vous fournir des informations sur les produits et services, li\u00e9s aux voyages ou autres, susceptibles de vous int\u00e9resser et de vous fournir des services de paiement. Ce partage nous permet \u00e9galement de mieux comprendre comment vous interagissez avec les sites web, les applications et les services des soci\u00e9t\u00e9s de notre groupe. Ces soci\u00e9t\u00e9s se conformeront \u00e0 la pr\u00e9sente d\u00e9claration et \u00e0 toutes les lois applicables r\u00e9gissant la transmission de communications promotionnelles.<\/p>\n<p>Fournisseurs. Nous pouvons partager des informations avec certains fournisseurs utilis\u00e9s pour faciliter nos services, y compris, le cas \u00e9ch\u00e9ant, pour faciliter les transactions.<\/p>\n<p>Partenaires commerciaux. Nous pouvons partager des informations sur vous, vos appareils et votre utilisation de nos services avec nos partenaires commerciaux de confiance. Par exemple, nous pouvons partager des informations afin de faciliter le paiement des produits ou services que vous pouvez acheter sur les sites web de nos partenaires. Ce partage s'effectue g\u00e9n\u00e9ralement dans le cadre d'accords \u00e9crits comprenant des obligations de confidentialit\u00e9, de respect de la vie priv\u00e9e et de s\u00e9curit\u00e9 ; veuillez toutefois noter que nous ne contr\u00f4lons pas les pratiques de ces partenaires commerciaux tiers en mati\u00e8re de respect de la vie priv\u00e9e.<\/p>\n<p>Sites web de m\u00e9dias sociaux. Lorsque vous utilisez nos services et choisissez de partager des informations avec des sites web de m\u00e9dias sociaux tiers, les informations que vous partagez seront r\u00e9gies par les politiques de confidentialit\u00e9 de ces sites web de m\u00e9dias sociaux et les param\u00e8tres de confidentialit\u00e9 que vous avez d\u00e9finis avec ces sites web de m\u00e9dias sociaux.<\/p>\n<p>R\u00e9seaux publicitaires. Nous recueillons et partageons parfois des informations sur vos centres d'int\u00e9r\u00eat avec des r\u00e9seaux publicitaires et des agr\u00e9gateurs de donn\u00e9es.<\/p>\n<p>d'autres tiers, tels que les sites web de r\u00e9f\u00e9rence. Des tiers peuvent \u00e9galement nous aider \u00e0 collecter des informations, par exemple en exploitant des fonctions de notre site web ou en facilitant la diffusion de publicit\u00e9s en ligne adapt\u00e9es \u00e0 vos centres d'int\u00e9r\u00eat. Nous pouvons partager des segments d'audience et d'autres informations avec des tiers qui utilisent ces informations pour vous proposer des publicit\u00e9s sur mesure. D'autres tiers peuvent \u00e9galement nous fournir leur contenu et leurs outils de g\u00e9n\u00e9ration, de gestion et d'h\u00e9bergement de contrats. Les tiers ne peuvent collecter ou acc\u00e9der aux informations que dans la mesure o\u00f9 cela est n\u00e9cessaire \u00e0 l'exercice de leurs fonctions autoris\u00e9es. Si et dans la mesure o\u00f9 ces tiers ne font que nous aider \u00e0 effectuer nos op\u00e9rations de traitement, nous les avons li\u00e9s contractuellement \u00e0 n'agir qu'en notre nom en tant que \"processeurs de donn\u00e9es\".<\/p>\n<p><strong>Vos droits :<\/strong><\/p>\n<ul role=\"navigation\">\n<li>d'\u00eatre inform\u00e9 ;<\/li>\n<li>d'acc\u00e9der \u00e0 vos donn\u00e9es ;<\/li>\n<li>mettre \u00e0 jour\/rectifier les donn\u00e9es ;<\/li>\n<li>le droit \u00e0 l'oubli (droit \u00e0 l'effacement) ;<\/li>\n<li>limiter le traitement ;<\/li>\n<li>la portabilit\u00e9 des donn\u00e9es ;<\/li>\n<li>le droit d'opposition ;<\/li>\n<li>de restreindre la prise de d\u00e9cision individuelle automatis\u00e9e.<\/li>\n<\/ul>\n<p>Si vous souhaitez utiliser vos droits mentionn\u00e9s ci-dessus, veuillez nous contacter \u00e0 <a class=\"ql-link\" href=\"mailto:fwssola@gmail.com\" target=\"_blank\" rel=\"noopener noreferrer\" aria-label=\"Lien vers la page d&#039;accueil\">fwssola@gmail.com<\/a>.<\/p>\n<p>Sola prend toutes les mesures techniques et organisationnelles n\u00e9cessaires pour prot\u00e9ger vos donn\u00e9es personnelles.<\/p>\n<h2>Utilisons-nous des \"fichiers t\u00e9moins\" ?<\/h2>\n<p>Nous souhaitons que votre acc\u00e8s \u00e0 nos services soit aussi facile, efficace et utile que possible. Pour ce faire, nous utilisons des fichiers t\u00e9moins et des technologies similaires afin d'am\u00e9liorer votre exp\u00e9rience, de renforcer la s\u00e9curit\u00e9 du site web et de vous pr\u00e9senter des publicit\u00e9s pertinentes. Vous pouvez choisir de faire en sorte que votre ordinateur vous avertisse chaque fois qu'un fichier t\u00e9moin est envoy\u00e9, ou vous pouvez choisir de d\u00e9sactiver tous les fichiers t\u00e9moins. Vous pouvez le faire par le biais des param\u00e8tres de votre navigateur. Les navigateurs \u00e9tant l\u00e9g\u00e8rement diff\u00e9rents, consultez le menu d'aide de votre navigateur pour savoir comment modifier vos fichiers t\u00e9moins.<\/p>\n<p>Si vous d\u00e9sactivez les fichiers t\u00e9moins, certaines des fonctionnalit\u00e9s qui rendent votre site plus efficace risquent de ne pas fonctionner correctement.<\/p>\n<h2>Divulgation aux tiers<\/h2>\n<p>Nous ne vendons pas, n'\u00e9changeons pas et ne transf\u00e9rons pas de quelque mani\u00e8re que ce soit \u00e0 des tiers vos informations personnellement identifiables.<\/p>\n<h2>Google<\/h2>\n<p>Les exigences de Google en mati\u00e8re de publicit\u00e9 peuvent \u00eatre r\u00e9sum\u00e9es par les Principes r\u00e9gissant les annonces publicitaires de Google. Ils sont mis en place pour offrir une exp\u00e9rience positive aux utilisateurs.<a href=\"https:\/\/support.google.com\/adwordspolicy\/answer\/1316548?hl=en\" target=\"_blank\" rel=\"noopener\" aria-label=\"Lien vers la page d&#039;accueil\">\u00a0Voir plus d'informations<\/a><\/p>\n<p>Nous utilisons la publicit\u00e9 Google AdSense sur notre site web.<\/p>\n<p>Google, en tant que fournisseur tiers, utilise des fichiers t\u00e9moins pour diffuser des annonces sur notre site. L'utilisation par Google du fichier t\u00e9moin DART lui permet de diffuser des annonces \u00e0 nos utilisateurs en fonction de leurs visites pr\u00e9c\u00e9dentes sur notre site et d'autres sites Internet. Les utilisateurs peuvent d\u00e9sactiver l'utilisation du fichier t\u00e9moin DART en consultant les r\u00e8gles de confidentialit\u00e9 de Google Ad and Content Network.<\/p>\n<p>Nous avons mis en \u0153uvre les mesures suivantes :<\/p>\n<ul role=\"navigation\">\n<li>Recommercialisation avec Google AdSense<\/li>\n<li>Rapports sur les donn\u00e9es d\u00e9mographiques et les centres d'int\u00e9r\u00eat<\/li>\n<\/ul>\n<p>Nous, ainsi que des fournisseurs tiers tels que Google, utilisons des fichiers t\u00e9moins de premi\u00e8re partie (tels que les fichiers t\u00e9moins Google Analytics) et des fichiers t\u00e9moins de tierce partie (tels que le fichier t\u00e9moin double-clic) ou d'autres identifiants de tierce partie pour compiler des donn\u00e9es concernant les interactions des utilisateurs avec les impressions publicitaires et d'autres fonctions de services publicitaires en rapport avec notre site web.<\/p>\n<h2>Refus de participer :<\/h2>\n<p>Les utilisateurs peuvent d\u00e9finir leurs pr\u00e9f\u00e9rences en ce qui concerne la publicit\u00e9 diffus\u00e9e par Google \u00e0 l'aide de la page Param\u00e8tres des annonces Google. Vous pouvez \u00e9galement d\u00e9sactiver cette option en visitant la page de d\u00e9sactivation de la Network Advertising Initiative ou en utilisant le module compl\u00e9mentaire de navigateur Google Analytics Opt Out.<\/p>\n<h2>Loi californienne sur la protection de la vie priv\u00e9e en ligne<\/h2>\n<p>La CalOPPA est la premi\u00e8re loi nationale qui oblige les sites web commerciaux et les services en ligne \u00e0 publier une politique de protection de la vie priv\u00e9e. La port\u00e9e de cette loi s'\u00e9tend bien au-del\u00e0 de la Californie et exige de toute personne ou soci\u00e9t\u00e9 aux \u00c9tats-Unis (et probablement dans le monde entier) qui exploite des sites web recueillant des informations personnellement identifiables aupr\u00e8s de consommateurs californiens qu'elle publie sur son site web une politique de confidentialit\u00e9 bien visible indiquant exactement les informations recueillies et les personnes ou soci\u00e9t\u00e9s avec lesquelles elles sont partag\u00e9es.<a href=\"http:\/\/consumercal.org\/california-online-privacy-protection-act-caloppa\/#sthash.0FdRbT51.dpuf\" target=\"_blank\" rel=\"noopener\" aria-label=\"Lien vers la page d&#039;accueil\">\u00a0Voir plus d'informations<\/a><\/p>\n<p>Conform\u00e9ment \u00e0 la CalOPPA, nous acceptons ce qui suit :<\/p>\n<p>Les utilisateurs peuvent visiter notre site de mani\u00e8re anonyme.<\/p>\n<p>Une fois cette politique de confidentialit\u00e9 cr\u00e9\u00e9e, nous ajouterons un lien vers celle-ci sur notre page d'accueil ou, au minimum, sur la premi\u00e8re page importante apr\u00e8s avoir acc\u00e9d\u00e9 \u00e0 notre site web.<\/p>\n<p>Le lien vers notre politique de protection de la vie priv\u00e9e comprend le mot \"Confidentialit\u00e9\" et peut \u00eatre facilement trouv\u00e9 sur la page sp\u00e9cifi\u00e9e ci-dessus.<\/p>\n<p>Vous serez inform\u00e9 de toute modification de la politique de confidentialit\u00e9 :<\/p>\n<ul role=\"navigation\">\n<li>Sur notre page de politique de confidentialit\u00e9<\/li>\n<\/ul>\n<p>Vous pouvez modifier vos informations personnelles :<\/p>\n<ul role=\"navigation\">\n<li>En nous envoyant un courriel<\/li>\n<\/ul>\n<h2>Comment notre site g\u00e8re-t-il les signaux \"Ne pas suivre\" ?<\/h2>\n<p>Nous respectons les signaux \"Ne pas suivre\", nous ne pla\u00e7ons pas de fichiers t\u00e9moins et nous n'utilisons pas de publicit\u00e9 lorsqu'un m\u00e9canisme de navigateur \"Ne pas suivre\"est en place.<\/p>\n<h2>Notre site autorise-t-il le suivi comportemental par des tiers ?<\/h2>\n<p>Il est \u00e9galement important de noter que nous n'autorisons pas le suivi comportemental par des tiers.<\/p>\n<h2>COPPA (loi sur la protection de la vie priv\u00e9e des enfants en ligne)<\/h2>\n<p>En ce qui concerne la collecte d'informations personnelles aupr\u00e8s d'enfants de moins de 13 ans, la loi sur la protection de la vie priv\u00e9e des enfants en ligne (Children's Online Privacy Protection Act - COPPA) permet aux parents de contr\u00f4ler la situation. La Federal Trade Commission, agence am\u00e9ricaine de protection des consommateurs, veille \u00e0 l'application de la r\u00e8gle COPPA, qui pr\u00e9cise ce que les exploitants de sites web et de services en ligne doivent faire pour prot\u00e9ger la vie priv\u00e9e et la s\u00e9curit\u00e9 des enfants en ligne.<\/p>\n<p>Nous ne nous adressons pas sp\u00e9cifiquement aux enfants de moins de 13 ans.<\/p>\n<h2>Pratiques d'information \u00e9quitables<\/h2>\n<p>Les principes relatifs aux pratiques loyales en mati\u00e8re d'information constituent l'\u00e9pine dorsale de la l\u00e9gislation sur la protection de la vie priv\u00e9e aux \u00c9tats-Unis et les concepts qu'ils incluent ont jou\u00e9 un r\u00f4le important dans l'\u00e9laboration des lois sur la protection des donn\u00e9es dans le monde entier. Il est essentiel de comprendre les principes des pratiques loyales en mati\u00e8re d'information et la mani\u00e8re dont ils doivent \u00eatre mis en \u0153uvre pour se conformer aux diverses lois sur la protection de la vie priv\u00e9e qui prot\u00e8gent les informations personnelles.<\/p>\n<p>Afin d'\u00eatre en conformit\u00e9 avec les pratiques \u00e9quitables en mati\u00e8re d'information, nous prendrons les mesures suivantes en cas de violation de donn\u00e9es :<\/p>\n<p>Nous vous informerons par courriel<\/p>\n<ul role=\"navigation\">\n<li>Dans un d\u00e9lai d'un jour ouvrable<\/li>\n<\/ul>\n<p>Nous informerons les utilisateurs par le biais d'une notification sur place<\/p>\n<ul role=\"navigation\">\n<li>Dans un d\u00e9lai d'un jour ouvrable<\/li>\n<\/ul>\n<p>Nous acceptons \u00e9galement le principe de recours individuel qui exige que les individus aient le droit d'exercer l\u00e9galement des droits ex\u00e9cutoires contre les collecteurs de donn\u00e9es et les responsables du traitement qui ne respectent pas la loi. Ce principe exige non seulement que les individus aient des droits ex\u00e9cutoires contre les utilisateurs de donn\u00e9es, mais aussi qu'ils aient recours aux tribunaux ou aux agences gouvernementales pour enqu\u00eater et\/ou poursuivre les responsables du traitement des donn\u00e9es qui ne respectent pas la loi.<\/p>\n<h2>Loi CAN SPAM<\/h2>\n<p>La loi CAN-SPAM fixe les r\u00e8gles applicables au courrier \u00e9lectronique commercial, \u00e9tablit des exigences pour les messages commerciaux, donne aux destinataires le droit de faire cesser l'envoi de courriers \u00e9lectroniques et pr\u00e9voit des sanctions s\u00e9v\u00e8res en cas d'infraction.<\/p>\n<p>Nous recueillons votre adresse \u00e9lectronique afin de :<\/p>\n<ul role=\"navigation\">\n<li>Envoyer des informations, r\u00e9pondre \u00e0 des demandes de renseignements et\/ou \u00e0 d'autres demandes ou questions<\/li>\n<li>faire de la publicit\u00e9 pour notre liste de diffusion ou continuer \u00e0 envoyer des courriels \u00e0 nos clients apr\u00e8s la transaction initiale.<\/li>\n<\/ul>\n<p>Pour \u00eatre en accord avec CANSPAM, nous acceptons ce qui suit :<\/p>\n<ul role=\"navigation\">\n<li>Ne pas utiliser de sujets ou d'adresses \u00e9lectroniques faux ou trompeurs.<\/li>\n<li>Identifier le message comme \u00e9tant une publicit\u00e9 d'une mani\u00e8re raisonnable.<\/li>\n<li>Indiquer l'adresse physique du si\u00e8ge de l'entreprise ou du site.<\/li>\n<li>Contr\u00f4ler la conformit\u00e9 des services tiers de marketing par courrier \u00e9lectronique, s'ils sont utilis\u00e9s.<\/li>\n<li>Honorer rapidement les demandes d'exclusion ou de d\u00e9sinscription.<\/li>\n<li>Permettre aux utilisateurs de se d\u00e9sinscrire en utilisant le lien situ\u00e9 au bas de chaque courriel.<\/li>\n<\/ul>\n<p>Si, \u00e0 tout moment, vous souhaitez vous d\u00e9sinscrire pour ne plus recevoir de courriers \u00e9lectroniques, vous pouvez nous envoyer un courrier \u00e9lectronique \u00e0 l'adresse suivante <a class=\"ql-link\" href=\"mailto:fwssola@gmail.com\" target=\"_blank\" rel=\"noopener noreferrer\" aria-label=\"Lien vers la page d&#039;accueil\">fwssola@gmail.com<\/a>.<\/p>\n<p>Suivez les instructions au bas de chaque courriel et nous vous retirerons rapidement de TOUTE correspondance.<\/p>\n<h2>Nous contacter<\/h2>\n<p>Si vous avez des questions concernant cette politique de confidentialit\u00e9, vous pouvez nous contacter en utilisant les informations ci-dessous.<\/p>\n<p>Sola \u00c9tats-Unis<\/p>\n\t\t\t\t\t\t\t\t<\/div>\n\t\t\t\t<\/div>\n\t\t\t\t\t<\/div>\n\t\t\t\t<\/div>\n\t\t\t\t\t<\/div>\n\t\t\t\t<\/div>\n\t\t\t\t<\/div>","protected":false},"excerpt":{"rendered":"<p>Privacy Policy This privacy policy has been compiled to serve better those who are concerned with how their \u2018Personally Identifiable Information\u2019 (PII) is being used online. PII, as described in US privacy law and information security, is information that can be used on its own or with other information to identify, contact, or locate a [&hellip;]<\/p>\n","protected":false},"author":17,"featured_media":0,"parent":0,"menu_order":0,"comment_status":"closed","ping_status":"open","template":"","meta":{"_acf_changed":false,"footnotes":""},"class_list":["post-3","page","type-page","status-publish","hentry"],"acf":[],"_links":{"self":[{"href":"https:\/\/solapayments.ca\/fr\/wp-json\/wp\/v2\/pages\/3","targetHints":{"allow":["GET"]}}],"collection":[{"href":"https:\/\/solapayments.ca\/fr\/wp-json\/wp\/v2\/pages"}],"about":[{"href":"https:\/\/solapayments.ca\/fr\/wp-json\/wp\/v2\/types\/page"}],"author":[{"embeddable":true,"href":"https:\/\/solapayments.ca\/fr\/wp-json\/wp\/v2\/users\/17"}],"replies":[{"embeddable":true,"href":"https:\/\/solapayments.ca\/fr\/wp-json\/wp\/v2\/comments?post=3"}],"version-history":[{"count":0,"href":"https:\/\/solapayments.ca\/fr\/wp-json\/wp\/v2\/pages\/3\/revisions"}],"wp:attachment":[{"href":"https:\/\/solapayments.ca\/fr\/wp-json\/wp\/v2\/media?parent=3"}],"curies":[{"name":"wp","href":"https:\/\/api.w.org\/{rel}","templated":true}]}}