{"id":3435,"date":"2024-09-19T11:14:32","date_gmt":"2024-09-19T15:14:32","guid":{"rendered":"https:\/\/solapayments.ca\/?page_id=3435"},"modified":"2026-04-15T13:29:38","modified_gmt":"2026-04-15T17:29:38","slug":"remote","status":"publish","type":"page","link":"https:\/\/solapayments.ca\/fr\/remote\/","title":{"rendered":"Support \u00e0 distance - Int\u00e9grations"},"content":{"rendered":"<div data-elementor-type=\"wp-page\" data-elementor-id=\"3435\" class=\"elementor elementor-3435\" data-elementor-post-type=\"page\">\n\t\t\t\t<div class=\"elementor-element elementor-element-8b4b9b8 e-flex e-con-boxed e-con e-parent\" data-id=\"8b4b9b8\" data-element_type=\"container\" data-e-type=\"container\">\n\t\t\t\t\t<div class=\"e-con-inner\">\n\t\t<div class=\"elementor-element elementor-element-4f3a1d5 e-flex e-con-boxed e-con e-child\" data-id=\"4f3a1d5\" data-element_type=\"container\" data-e-type=\"container\">\n\t\t\t\t\t<div class=\"e-con-inner\">\n\t\t\t\t<div class=\"elementor-element elementor-element-200f07c basic-block elementor-widget elementor-widget-text-editor\" data-id=\"200f07c\" data-element_type=\"widget\" data-e-type=\"widget\" data-widget_type=\"text-editor.default\">\n\t\t\t\t<div class=\"elementor-widget-container\">\n\t\t\t\t\t\t\t\t\t<h1>Commencer l'assistance \u00e0 distance<\/h1>\n\t\t\t\t\t\t\t\t<\/div>\n\t\t\t\t<\/div>\n\t\t\t\t<div class=\"elementor-element elementor-element-6f0f939 elementor-widget elementor-widget-text-editor\" data-id=\"6f0f939\" data-element_type=\"widget\" data-e-type=\"widget\" data-widget_type=\"text-editor.default\">\n\t\t\t\t<div class=\"elementor-widget-container\">\n\t\t\t\t\t\t\t\t\tVeuillez saisir le code d'acc\u00e8s qui vous a \u00e9t\u00e9 fourni par un membre de notre \u00e9quipe. Cela permettra \u00e0 notre repr\u00e9sentant de l'assistance technique d'acc\u00e9der \u00e0 distance \u00e0 votre appareil.\t\t\t\t\t\t\t\t<\/div>\n\t\t\t\t<\/div>\n\t\t\t\t<div class=\"elementor-element elementor-element-e828f6e basic-block elementor-widget elementor-widget-text-editor\" data-id=\"e828f6e\" data-element_type=\"widget\" data-e-type=\"widget\" data-widget_type=\"text-editor.default\">\n\t\t\t\t<div class=\"elementor-widget-container\">\n\t\t\t\t\t\t\t\t\t<h2>Besoin d'aide ?<\/h2>\n<p>Contactez l'assistance technique \u00e0 l'adresse suivante\u00a0<a href=\"mailto:techsupport@solapayments.ca\" target=\"_blank\" rel=\"noopener noreferrer\" data-stringify-link=\"mailto:techsupport@solapayments.ca\" data-sk=\"tooltip_parent\" aria-haspopup=\"menu\" aria-expanded=\"false\" aria-label=\"Lien vers la page d&#039;accueil\">techsupport@solapayments.ca<\/a>\u00a0ou\u00a0<a href=\"tel:8888472627\" target=\"_blank\" rel=\"noopener noreferrer\" data-stringify-link=\"tel:8888472627\" data-sk=\"tooltip_parent\" aria-label=\"Lien vers la page d&#039;accueil\">888-847-2627<\/a>\u00a0poste. 8002.<\/p>\n<p>Si une assistance \u00e0 distance est n\u00e9cessaire, nous vous fournirons un code d'acc\u00e8s.<\/p>\t\t\t\t\t\t\t\t<\/div>\n\t\t\t\t<\/div>\n\t\t\t\t\t<\/div>\n\t\t\t\t<\/div>\n\t\t<div class=\"elementor-element elementor-element-8d4ac12 e-con-full e-flex e-con e-child\" data-id=\"8d4ac12\" data-element_type=\"container\" data-e-type=\"container\">\n\t\t\t\t<div class=\"elementor-element elementor-element-6f44bee basic-blockx elementor-widget elementor-widget-text-editor\" data-id=\"6f44bee\" data-element_type=\"widget\" data-e-type=\"widget\" data-widget_type=\"text-editor.default\">\n\t\t\t\t<div class=\"elementor-widget-container\">\n\t\t\t\t\t\t\t\t\t<p><iframe title=\"Entrez le code pour l&#039;assistance \u00e0 distance\" style=\"width: 420px; height: 480px;\" src=\"https:\/\/sola.screenconnect.com\/?Theme=Embedded\" width=\"420\" height=\"420\" scrolling=\"no\"><span data-mce-type=\"bookmark\" style=\"display: inline-block; width: 0px; overflow: hidden; line-height: 0;\" class=\"mce_SELRES_start\"><\/span> <\/iframe><\/p>\n\t\t\t\t\t\t\t\t<\/div>\n\t\t\t\t<\/div>\n\t\t\t\t<\/div>\n\t\t\t\t\t<\/div>\n\t\t\t\t<\/div>\n\t\t\t\t<\/div>","protected":false},"excerpt":{"rendered":"<p>Begin Remote Support Please enter the passcode that was provided by a member of our team. This will give our technical support representative remote access to your device. Need Support? Contact Technical Support at\u00a0techsupport@solapayments.ca\u00a0or\u00a0888-847-2627\u00a0ext. 8002. If remote support will be required, we\u2019ll provide you with a passcode. <\/p>","protected":false},"author":18,"featured_media":0,"parent":0,"menu_order":0,"comment_status":"closed","ping_status":"closed","template":"","meta":{"_acf_changed":false,"footnotes":""},"class_list":["post-3435","page","type-page","status-publish","hentry"],"acf":[],"_links":{"self":[{"href":"https:\/\/solapayments.ca\/fr\/wp-json\/wp\/v2\/pages\/3435","targetHints":{"allow":["GET"]}}],"collection":[{"href":"https:\/\/solapayments.ca\/fr\/wp-json\/wp\/v2\/pages"}],"about":[{"href":"https:\/\/solapayments.ca\/fr\/wp-json\/wp\/v2\/types\/page"}],"author":[{"embeddable":true,"href":"https:\/\/solapayments.ca\/fr\/wp-json\/wp\/v2\/users\/18"}],"replies":[{"embeddable":true,"href":"https:\/\/solapayments.ca\/fr\/wp-json\/wp\/v2\/comments?post=3435"}],"version-history":[{"count":9,"href":"https:\/\/solapayments.ca\/fr\/wp-json\/wp\/v2\/pages\/3435\/revisions"}],"predecessor-version":[{"id":4205,"href":"https:\/\/solapayments.ca\/fr\/wp-json\/wp\/v2\/pages\/3435\/revisions\/4205"}],"wp:attachment":[{"href":"https:\/\/solapayments.ca\/fr\/wp-json\/wp\/v2\/media?parent=3435"}],"curies":[{"name":"wp","href":"https:\/\/api.w.org\/{rel}","templated":true}]}}